{"id":384,"date":"2024-04-15T10:04:48","date_gmt":"2024-04-15T08:04:48","guid":{"rendered":"https:\/\/redgts.com\/avis-legal\/"},"modified":"2024-04-19T09:49:53","modified_gmt":"2024-04-19T07:49:53","slug":"avis-legal","status":"publish","type":"page","link":"https:\/\/redgts.com\/ca\/avis-legal\/","title":{"rendered":"Av\u00eds Legal"},"content":{"rendered":"\n<div class=\"row\"  id=\"row-1720027577\">\n\n\n\t<div id=\"col-1174133278\" class=\"col small-12 large-12\"  >\n\t\t\t\t<div class=\"col-inner\"  >\n\t\t\t\n\t\t\t\n\n<h1><b>Av\u00eds Legal<\/b><\/h1>\n<p><span style=\"font-weight: 400;\">RedGTS (Redgts Edit S.L.) ofereix aquest servei subjecte a les presents Condicions d&#8217;\u00das:<\/span><\/p>\n<h2><span style=\"color: #282828;\"><b>1. Titular del domini www.redgts.com<\/b><\/span><\/h2>\n<p><span style=\"font-weight: 400;\">En compliment de la Llei 34\/2002 de Serveis de la Societat de La Informaci\u00f3 i del Comer\u00e7 Electr\u00f2nic (LSSICE), l&#8217;informem que la titularitat del domini de la p\u00e0gina web www.redgts.com, correspon a Redgts Edit S.L. (d&#8217;ara endavant, RedGTS) amb CIF B-09850843 i domicili a Barcelona (Espanya), en Avelina Casadevall, 10 2n A (CP 08173). Per a qualsevol consulta, pot contactar mitjan\u00e7ant el Tel\u00e8fon + 34 93 675 75 48 o +34 91 737 29 91 o b\u00e9 mitjan\u00e7ant el correu electr\u00f2nic: redgts@redgts.com<\/span><\/p>\n<h2><span style=\"color: #282828;\"><b>2. Acceptaci\u00f3 de les condicions d&#8217;\u00fas<\/b><\/span><\/h2>\n<p><span style=\"font-weight: 400;\">Les presents Condicions (d&#8217;ara endavant denominat com a Av\u00eds Legal) tenen per objecte regular l&#8217;\u00fas d&#8217;aquesta web que RedGTS posa a la disposici\u00f3 del p\u00fablic en la present URL.<\/span><\/p>\n<p><span style=\"font-weight: 400;\">La utilitzaci\u00f3 del lloc web per un tercer li atribueix la condici\u00f3 d&#8217;Usuari i, suposa l&#8217;acceptaci\u00f3 plena per aquest Usuari, de totes i cadascuna de les condicions que s&#8217;incorporen en el present Av\u00eds Legal.<\/span><\/p>\n<p><span style=\"font-weight: 400;\">El Prestador del Servei pot oferir a trav\u00e9s del lloc web, serveis o productes que podran trobar-se sotmeses a unes condicions particulars pr\u00f2pies que, segons els casos, substitueixen, completen i\/o modifiquen el present Av\u00eds Legal, i sobre les quals s&#8217;informar\u00e0 l&#8217;Usuari en cada cas concret.<\/span><\/p>\n<h2><span style=\"color: #282828;\"><b>3. \u00das correcte del lloc web<\/b><\/span><\/h2>\n<p><span style=\"font-weight: 400;\">L&#8217;usuari es compromet a utilitzar el lloc web, els continguts i serveis de conformitat amb la Llei, el present Av\u00eds Legal, els bons costums i l&#8217;ordre p\u00fablic. De la mateixa manera, l&#8217;Usuari s&#8217;obliga a no utilitzar el lloc web www.redgts.com o els serveis que es prestin a trav\u00e9s d&#8217;ell amb finalitats o efectes il\u00b7l\u00edcits o contraris al contingut del present Av\u00eds Legal o que de qualsevol forma pugui danyar, inutilitzar o deteriorar el lloc web o els seus serveis, o impedir un normal gaudi del lloc web per altres Usuaris.<\/span><\/p>\n<p><span style=\"font-weight: 400;\">Aix\u00ed mateix, l&#8217;Usuari es compromet expressament a no destruir, alterar, inutilitzar o, de qualsevol altra forma, danyar les dades, programes o documents electr\u00f2nics i altres que es trobin en el lloc web del Prestador del Servei. L&#8217;Usuari es compromet a no obstaculitzar l&#8217;acc\u00e9s d&#8217;altres usuaris al servei d&#8217;acc\u00e9s mitjan\u00e7ant el consum massiu dels recursos inform\u00e0tics a trav\u00e9s dels quals El Prestador del Servei presta el servei, aix\u00ed com realitzar accions que danyin, interrompin o generin errors en aquests sistemes. L&#8217;Usuari es compromet a no introduir programes, virus, macros, miniaplicacions, controls ActiveX o qualsevol altre dispositiu l\u00f2gic o seq\u00fc\u00e8ncia de car\u00e0cters que causin o siguin susceptibles de causar qualsevol tipus d&#8217;alteraci\u00f3 en els sistemes inform\u00e0tics del Prestador del Servei o de tercers.<\/span><\/p>\n<h2><span style=\"color: #282828;\"><b>4. Restriccions sobre l&#8217;\u00fas<\/b><\/span><\/h2>\n<p><span style=\"font-weight: 400;\">Durant la utilitzaci\u00f3 de la p\u00e0gina web www.redgts.com, el client i\/o usuari s&#8217;obliga a:<\/span><\/p>\n<p><span style=\"font-weight: 400;\">\u2013 No copiar el Software.<\/span><\/p>\n<p><span style=\"font-weight: 400;\">\u2013 No distribuir, compartir, subllicenciar, prestar, arrendar o posar la p\u00e0gina web www.redgts.com a la disposici\u00f3 de tercers (per Internet, a trav\u00e9s d&#8217;una xarxa inform\u00e0tica o d&#8217;un mitj\u00e0 tangible, a trav\u00e9s de mitjans de difusi\u00f3 o de qualsevol altra manera) o modificar, adaptar, crear treballs derivats o traduir qualsevol part de www.redgts.com<\/span><\/p>\n<p><span style=\"font-weight: 400;\">\u2013 No sotmetre a enginyeria inversa, descompilar o desmuntar el Programari de la p\u00e0gina web www.redgts.com o tractar d&#8217;obtenir el seu codi font.<\/span><\/p>\n<p><span style=\"font-weight: 400;\">\u2013 Abstenir-se de llevar o alterar qualsevol tipus d&#8217;av\u00eds de dret d&#8217;autor, marca comercial o de propietat exclusiva que contingui la p\u00e0gina web www.redgts.com<\/span><\/p>\n<p><span style=\"font-weight: 400;\">\u2013 Facilitar informaci\u00f3 vera\u00e7 sobre les dades sol\u00b7licitades en el formulari de registre i a mantenir-los actualitzats.<\/span><\/p>\n<p><span style=\"font-weight: 400;\">\u2013 No introduir, emmagatzemar o difondre en o des de la p\u00e0gina web www.redgts.com, qualsevol informaci\u00f3 o material que fos difamatori, injuri\u00f3s, obsc\u00e8, amena\u00e7ador, xen\u00f2fob, inciti a la viol\u00e8ncia a la discriminaci\u00f3 per ra\u00f3 de ra\u00e7a, sexe, ideologia, religi\u00f3 o que de qualsevol forma atempti contra la moral, l&#8217;ordre p\u00fablic, els drets fonamentals, les llibertats p\u00fabliques, l&#8217;honor, la intimitat o la imatge de tercers i en general la normativa vigent.<\/span><\/p>\n<p><span style=\"font-weight: 400;\"> \u2013 No realitzar activitats publicit\u00e0ries o d&#8217;explotaci\u00f3 comercial a trav\u00e9s de la p\u00e0gina web <\/span><a href=\"http:\/\/www.redgts.com\"><span style=\"font-weight: 400;\">www.redgts.com<\/span><\/a><span style=\"font-weight: 400;\"> i no utilitzar els continguts i la informaci\u00f3 del mateix per a remetre publicitat, o enviar missatges amb qualsevol altra fi comercial, ni per a recollir o emmagatzemar dades personals de tercers.<\/span><\/p>\n<p><span style=\"font-weight: 400;\">\u2013 No utilitzar identitats falses, ni suplantar la identitat d&#8217;uns altres en la utilitzaci\u00f3 de la p\u00e0gina web www.redgts.com.<\/span><\/p>\n<h2><span style=\"color: #282828;\"><b>5. Propietat Intel\u00b7lectual i Industrial<\/b><\/span><\/h2>\n<p><span style=\"font-weight: 400;\">Tots els continguts del lloc web, tret que s&#8217;indiqui el contrari, s\u00f3n titularitat exclusiva del Prestador del Servei i, amb car\u00e0cter enunciatiu, que no limitatiu, el disseny gr\u00e0fic, codi font, logos, textos, gr\u00e0fics, il\u00b7lustracions, fotografies, i altres elements que apareixen en el lloc web. Igualment, tots els noms comercials, marques o signes distintius de qualsevol classe continguts en el lloc web estan protegits per la Llei. El Prestador del Servei no concedeix cap mena de llic\u00e8ncia o autoritzaci\u00f3 d&#8217;\u00fas personal a l&#8217;Usuari sobre els seus drets de propietat intel\u00b7lectual i industrial o sobre qualsevol altre dret relacionat amb el seu web i els serveis oferts en aquesta. Per aix\u00f2, l&#8217;Usuari reconeix que la reproducci\u00f3, distribuci\u00f3, comercialitzaci\u00f3, transformaci\u00f3, i en general, qualsevol altra forma d&#8217;explotaci\u00f3, per qualsevol procediment, de tot o part dels continguts d&#8217;aquest lloc web constitueix una infracci\u00f3 dels drets de propietat intel\u00b7lectual i\/o industrial del Prestador del Servei o del titular d&#8217;aquests. L&#8217;Usuari reconeix que la reproducci\u00f3, modificaci\u00f3, distribuci\u00f3, comercialitzaci\u00f3, descompilaci\u00f3, desencadellat, utilitzaci\u00f3 de t\u00e8cniques d&#8217;enginyeria inversa o de qualsevol altre mitj\u00e0 per a obtenir el codi font de la barra, transformaci\u00f3 o publicaci\u00f3 de qualsevol resultat de proves de refer\u00e8ncies no autoritzades de qualsevol dels elements i utilitats integrades dins del portal www.redgts.com constitueix una infracci\u00f3 dels drets de propietat intel\u00b7lectual de RedGTS, obligant-se, en conseq\u00fc\u00e8ncia, a no realitzar cap de les accions esmentades. L&#8217;usuari s&#8217;abstindr\u00e0 de dur a terme qualsevol conducta en l&#8217;\u00fas del portal www.redgts.com que atempti contra els drets de propietat intel\u00b7lectual o industrial de RedGTS o de tercers, o que vulneri o transgredeixi l&#8217;honor, la intimitat personal o familiar o la imatge de tercers, o que siguin il\u00b7l\u00edcits o atemptin a la moralitat, i deixar\u00e0 en tot cas indemne a RedGTS enfront de qualsevol reclamaci\u00f3, judicial o extrajudicial que es presenti enfront d&#8217;ella a conseq\u00fc\u00e8ncia d&#8217;aquest \u00fas.<\/span><\/p>\n<h2><span style=\"color: #282828;\"><b>6. Responsabilitat per \u00fas<\/b><\/span><\/h2>\n<p><span style=\"font-weight: 400;\">L&#8217;usuari \u00e9s l&#8217;\u00fanic responsable de les infraccions en les quals pugui inc\u00f3rrer o dels perjudicis que pugui causar per la utilitzaci\u00f3 del lloc web, quedant el prestador del servei, els seus socis, col\u00b7laboradors, empleats i representants, exonerats de qualsevol classe de responsabilitat que es pogu\u00e9s derivar per les accions de l&#8217;usuari. El prestador del servei emprar\u00e0 tots els esfor\u00e7os i mitjans raonables per a facilitar informaci\u00f3 actualitzada i fefaent en el lloc web, no obstant aix\u00f2, el prestador del servei no assumeix cap garantia en relaci\u00f3 amb l&#8217;abs\u00e8ncia d&#8217;errors, o de possibles inexactituds i\/o omissions en cap dels continguts accessibles a trav\u00e9s d&#8217;aquest lloc web. L&#8217;usuari \u00e9s l&#8217;\u00fanic responsable enfront de qualsevol reclamaci\u00f3 o acci\u00f3 legal, judicial o extrajudicial, iniciada per terceres persones contra el prestador del servei basada en la utilitzaci\u00f3 per l&#8217;Usuari del lloc web. Si \u00e9s el cas, l&#8217;usuari assumir\u00e0 quantes despeses, costos i indemnitzacions siguin irrogats al prestador del servei amb motiu de tals reclamacions o accions legals.<\/span><\/p>\n<p><span style=\"font-weight: 400;\">El prestador del servei exclou tota responsabilitat que es pogu\u00e9s derivar d&#8217;interfer\u00e8ncies, omissions, interrupcions, virus inform\u00e0tics, avaries telef\u00f2niques o desconnexions en el funcionament operatiu del sistema electr\u00f2nic, motivat per causes alienes al prestador del servei. Aix\u00ed mateix, El prestador del servei tamb\u00e9 exclou qualsevol responsabilitat que pogu\u00e9s derivar-se per retards o bloquejos en el funcionament operatiu d&#8217;aquest sistema electr\u00f2nic causat per defici\u00e8ncies o sobre c\u00e0rrega en les l\u00ednies telef\u00f2niques o en Internet, aix\u00ed com de danys causats per terceres persones mitjan\u00e7ant intromissions il\u00b7leg\u00edtimes fora del control del Prestador del Servei. El prestador del servei est\u00e0 facultada per a suspendre temporalment, i sense previ av\u00eds, l&#8217;accessibilitat al lloc web amb motiu d&#8217;operacions de manteniment, reparaci\u00f3, actualitzaci\u00f3 o millora.<\/span><\/p>\n<h2><span style=\"color: #282828;\"><b>7. Links (enlla\u00e7os)<\/b><\/span><\/h2>\n<p><span style=\"font-weight: 400;\">En el cas que subministrem enlla\u00e7os a llocs web que no s\u00f3n operats ni controlats per RedGTS ser\u00e0 puntualment informat ja que els mateixos s\u00f3n gestionats per tercers. El prestador del servei declina qualsevol responsabilitat respecte a la informaci\u00f3 que es trobi fora del lloc web, ja que la funci\u00f3 dels links que apareixen \u00e9s \u00fanicament la d&#8217;informar l&#8217;Usuari sobre l&#8217;exist\u00e8ncia d&#8217;altres fonts d&#8217;informaci\u00f3 sobre un tema en concret. El Prestador del Servei queda exonerat de tota responsabilitat pel correcte funcionament de tals enlla\u00e7os, del resultat obtingut a trav\u00e9s d&#8217;aquests enlla\u00e7os, de la veracitat i licitud del contingut o informaci\u00f3 a la qual es pot accedir, aix\u00ed com dels perjudicis que pugui sofrir l&#8217;Usuari en virtut de la informaci\u00f3 trobada en el lloc web enlla\u00e7at. Segurament aquests llocs web disposen de les seves pr\u00f2pies pol\u00edtiques de privacitat, mitjan\u00e7ant les quals li explicaran com utilitzen i comparteixen la seva informaci\u00f3 personal. Li recomanem revisar detingudament les pol\u00edtiques de privacitat abans d&#8217;utilitzar aquests llocs web per a estar segur que es troba conforme amb la forma en la qual la seva informaci\u00f3 personal es recopila.<\/span><\/p>\n<p><span style=\"font-weight: 400;\">La informaci\u00f3 que es troba en la p\u00e0gina web www.redgts.com pot incloure enlla\u00e7os a llocs d&#8217;internet externs solament per a millor conveni\u00e8ncia dels nostres clients i\/o usuaris. Quan els clients i\/o usuaris seleccionen un enlla\u00e7 d&#8217;un lloc d&#8217;Internet externa, estaran sortint de la p\u00e0gina web www.redgts.com i estaran subjectes a les limitacions de privacitat i les regles imposades pels amos i\/o patrocinadors d&#8217;aquest lloc d&#8217;Internet.<\/span><\/p>\n<ol>\n<li><span style=\"font-weight: 400;\"> RedGTS declina qualsevol responsabilitat respecte a la informaci\u00f3 que es trobi fora del lloc web, ja que la funci\u00f3 dels links que apareixen \u00e9s \u00fanicament la d&#8217;informar l&#8217;Usuari sobre l&#8217;exist\u00e8ncia d&#8217;altres fonts d&#8217;informaci\u00f3 sobre un tema en concret.<\/span><\/li>\n<li><span style=\"font-weight: 400;\"> RedGTS no \u00e9s responsable de transmissions en viu o gravades via web o qualsevol altra forma de transmissi\u00f3 rebuda des de qualsevol enlla\u00e7.<\/span><\/li>\n<li><span style=\"font-weight: 400;\"> RedGTS no controla ni garanteix la veracitat, rellev\u00e0ncia, regularitat o exactitud de la informaci\u00f3 continguda en els llocs d&#8217;Internet dels quals s&#8217;inclouen enlla\u00e7os.<\/span><\/li>\n<li><span style=\"font-weight: 400;\"> RedGTS no es fa responsable dels enlla\u00e7os externs de les organitzacions patrocinadores, com tampoc de les opinions que expressin i els serveis\/productes que aquestes ofereixin.<\/span><\/li>\n<li><span style=\"font-weight: 400;\"> RedGTS no pot autoritzar l&#8217;\u00fas de materials amb dret d&#8217;autor que es trobin en els llocs d&#8217;Internet amb enlla\u00e7os externs. Els usuaris hauran d&#8217;obtenir tal autoritzaci\u00f3 per mitj\u00e0 dels patrocinadors d&#8217;aquesta.<\/span><\/li>\n<li><span style=\"font-weight: 400;\"> RedGTS no \u00e9s responsable de transmissions rebudes pels nostres clients i\/o usuaris, per part dels llocs d&#8217;Internet.<\/span><\/li>\n<\/ol>\n<h2><span style=\"color: #282828;\"><b>8. Observacions de l&#8217;usuari<\/b><\/span><\/h2>\n<p><span style=\"font-weight: 400;\">L&#8217;usuari garanteix que la informaci\u00f3, material, continguts o observacions que no siguin les seves pr\u00f2pies dades personals i que siguin facilitats al prestador del servei a trav\u00e9s del lloc web, no infringeixen els drets de propietat intel\u00b7lectual o industrial de tercers, ni cap altra disposici\u00f3 legal. La informaci\u00f3, materials, continguts o observacions que l&#8217;Usuari faciliti al prestador del servei, es consideraran no confidencials, reservant-se El prestador del servei el dret a usar-les de la forma que consideri m\u00e9s adequada.<\/span><\/p>\n<h2><span style=\"color: #282828;\"><b>9. Modificacions de les condicions d&#8217;\u00fas<\/b><\/span><\/h2>\n<p><span style=\"font-weight: 400;\">RedGTS es reserva el dret a modificar, desenvolupar o actualitzar en qualsevol moment i sense pr\u00e8via notificaci\u00f3, l&#8217;Av\u00eds Legal del present lloc web, aix\u00ed com la Pol\u00edtica de Privacitat. L&#8217;Usuari quedar\u00e0 obligat autom\u00e0ticament per l&#8217;Av\u00eds Legal que es trobi vigent en el moment en qu\u00e8 accedeixi al lloc web, per la qual cosa recomanem la seva lectura abans de cada acc\u00e9s i navegaci\u00f3 pel lloc web.<\/span><\/p>\n<p><span style=\"font-weight: 400;\">No obstant l&#8217;anterior, les relacions establertes amb els usuaris, amb anterioritat a la modificaci\u00f3 del present Av\u00eds Legal i Pol\u00edtica de Privacitat, es regiran per les normes previstes en el moment en qu\u00e8 l&#8217;usuari va accedir al lloc web per al seu establiment.<\/span><\/p>\n<h2><span style=\"color: #282828;\"><b>10. Legislaci\u00f3 aplicable i compet\u00e8ncia jurisdiccional<\/b><\/span><\/h2>\n<p><span style=\"font-weight: 400;\">Totes les controv\u00e8rsies o reclamacions sorgides de la interpretaci\u00f3 o execuci\u00f3 del present Av\u00eds Legal es regiran per la legislaci\u00f3 espanyola, i se sotmetran a la jurisdicci\u00f3 dels Jutjats i Tribunals corresponents.<\/span><\/p>\n<p><br><br><\/p>\n\n\t\t<\/div>\n\t\t\t\t\t<\/div>\n\n\t\n\n<\/div>\n\n","protected":false},"excerpt":{"rendered":"","protected":false},"author":3,"featured_media":0,"parent":0,"menu_order":0,"comment_status":"closed","ping_status":"closed","template":"page-blank.php","meta":{"footnotes":""},"class_list":["post-384","page","type-page","status-publish","hentry"],"yoast_head":"<!-- This site is optimized with the Yoast SEO plugin v26.9 - https:\/\/yoast.com\/product\/yoast-seo-wordpress\/ -->\n<title>Av\u00eds Legal - RedGTS<\/title>\n<meta name=\"description\" content=\"En l&#039;av\u00eds legal de RedGTS trobaran unes normes informatives i \u00fatils, per aix\u00f2 et recomanem que visitis la p\u00e0gina.\" \/>\n<meta name=\"robots\" content=\"noindex, follow\" \/>\n<meta property=\"og:locale\" content=\"ca_ES\" \/>\n<meta property=\"og:type\" content=\"article\" \/>\n<meta property=\"og:title\" content=\"Av\u00eds Legal - RedGTS\" \/>\n<meta property=\"og:description\" content=\"En l&#039;av\u00eds legal de RedGTS trobaran unes normes informatives i \u00fatils, per aix\u00f2 et recomanem que visitis la p\u00e0gina.\" \/>\n<meta property=\"og:url\" content=\"https:\/\/redgts.com\/ca\/avis-legal\/\" \/>\n<meta property=\"og:site_name\" content=\"redgts.com\" \/>\n<meta property=\"article:modified_time\" content=\"2024-04-19T07:49:53+00:00\" \/>\n<meta name=\"twitter:card\" content=\"summary_large_image\" \/>\n<meta name=\"twitter:label1\" content=\"Temps estimat de lectura\" \/>\n\t<meta name=\"twitter:data1\" content=\"10 minuts\" \/>\n<script type=\"application\/ld+json\" class=\"yoast-schema-graph\">{\"@context\":\"https:\/\/schema.org\",\"@graph\":[{\"@type\":\"WebPage\",\"@id\":\"https:\/\/redgts.com\/ca\/avis-legal\/\",\"url\":\"https:\/\/redgts.com\/ca\/avis-legal\/\",\"name\":\"Av\u00eds Legal - RedGTS\",\"isPartOf\":{\"@id\":\"https:\/\/redgts.com\/ca\/#website\"},\"datePublished\":\"2024-04-15T08:04:48+00:00\",\"dateModified\":\"2024-04-19T07:49:53+00:00\",\"description\":\"En l'av\u00eds legal de RedGTS trobaran unes normes informatives i \u00fatils, per aix\u00f2 et recomanem que visitis la p\u00e0gina.\",\"breadcrumb\":{\"@id\":\"https:\/\/redgts.com\/ca\/avis-legal\/#breadcrumb\"},\"inLanguage\":\"ca\",\"potentialAction\":[{\"@type\":\"ReadAction\",\"target\":[\"https:\/\/redgts.com\/ca\/avis-legal\/\"]}]},{\"@type\":\"BreadcrumbList\",\"@id\":\"https:\/\/redgts.com\/ca\/avis-legal\/#breadcrumb\",\"itemListElement\":[{\"@type\":\"ListItem\",\"position\":1,\"name\":\"Home\",\"item\":\"https:\/\/redgts.com\/ca\/\"},{\"@type\":\"ListItem\",\"position\":2,\"name\":\"Av\u00eds Legal\"}]},{\"@type\":\"WebSite\",\"@id\":\"https:\/\/redgts.com\/ca\/#website\",\"url\":\"https:\/\/redgts.com\/ca\/\",\"name\":\"redgts.com\",\"description\":\"\",\"publisher\":{\"@id\":\"https:\/\/redgts.com\/ca\/#organization\"},\"potentialAction\":[{\"@type\":\"SearchAction\",\"target\":{\"@type\":\"EntryPoint\",\"urlTemplate\":\"https:\/\/redgts.com\/ca\/?s={search_term_string}\"},\"query-input\":{\"@type\":\"PropertyValueSpecification\",\"valueRequired\":true,\"valueName\":\"search_term_string\"}}],\"inLanguage\":\"ca\"},{\"@type\":\"Organization\",\"@id\":\"https:\/\/redgts.com\/ca\/#organization\",\"name\":\"redgts\",\"url\":\"https:\/\/redgts.com\/ca\/\",\"logo\":{\"@type\":\"ImageObject\",\"inLanguage\":\"ca\",\"@id\":\"https:\/\/redgts.com\/ca\/#\/schema\/logo\/image\/\",\"url\":\"https:\/\/redgts.enproceso.es\/wp-content\/uploads\/2024\/04\/RED-GTS-e1622560674970-1.jpg\",\"contentUrl\":\"https:\/\/redgts.enproceso.es\/wp-content\/uploads\/2024\/04\/RED-GTS-e1622560674970-1.jpg\",\"width\":356,\"height\":164,\"caption\":\"redgts\"},\"image\":{\"@id\":\"https:\/\/redgts.com\/ca\/#\/schema\/logo\/image\/\"}}]}<\/script>\n<!-- \/ Yoast SEO plugin. -->","yoast_head_json":{"title":"Av\u00eds Legal - RedGTS","description":"En l'av\u00eds legal de RedGTS trobaran unes normes informatives i \u00fatils, per aix\u00f2 et recomanem que visitis la p\u00e0gina.","robots":{"index":"noindex","follow":"follow"},"og_locale":"ca_ES","og_type":"article","og_title":"Av\u00eds Legal - RedGTS","og_description":"En l'av\u00eds legal de RedGTS trobaran unes normes informatives i \u00fatils, per aix\u00f2 et recomanem que visitis la p\u00e0gina.","og_url":"https:\/\/redgts.com\/ca\/avis-legal\/","og_site_name":"redgts.com","article_modified_time":"2024-04-19T07:49:53+00:00","twitter_card":"summary_large_image","twitter_misc":{"Temps estimat de lectura":"10 minuts"},"schema":{"@context":"https:\/\/schema.org","@graph":[{"@type":"WebPage","@id":"https:\/\/redgts.com\/ca\/avis-legal\/","url":"https:\/\/redgts.com\/ca\/avis-legal\/","name":"Av\u00eds Legal - RedGTS","isPartOf":{"@id":"https:\/\/redgts.com\/ca\/#website"},"datePublished":"2024-04-15T08:04:48+00:00","dateModified":"2024-04-19T07:49:53+00:00","description":"En l'av\u00eds legal de RedGTS trobaran unes normes informatives i \u00fatils, per aix\u00f2 et recomanem que visitis la p\u00e0gina.","breadcrumb":{"@id":"https:\/\/redgts.com\/ca\/avis-legal\/#breadcrumb"},"inLanguage":"ca","potentialAction":[{"@type":"ReadAction","target":["https:\/\/redgts.com\/ca\/avis-legal\/"]}]},{"@type":"BreadcrumbList","@id":"https:\/\/redgts.com\/ca\/avis-legal\/#breadcrumb","itemListElement":[{"@type":"ListItem","position":1,"name":"Home","item":"https:\/\/redgts.com\/ca\/"},{"@type":"ListItem","position":2,"name":"Av\u00eds Legal"}]},{"@type":"WebSite","@id":"https:\/\/redgts.com\/ca\/#website","url":"https:\/\/redgts.com\/ca\/","name":"redgts.com","description":"","publisher":{"@id":"https:\/\/redgts.com\/ca\/#organization"},"potentialAction":[{"@type":"SearchAction","target":{"@type":"EntryPoint","urlTemplate":"https:\/\/redgts.com\/ca\/?s={search_term_string}"},"query-input":{"@type":"PropertyValueSpecification","valueRequired":true,"valueName":"search_term_string"}}],"inLanguage":"ca"},{"@type":"Organization","@id":"https:\/\/redgts.com\/ca\/#organization","name":"redgts","url":"https:\/\/redgts.com\/ca\/","logo":{"@type":"ImageObject","inLanguage":"ca","@id":"https:\/\/redgts.com\/ca\/#\/schema\/logo\/image\/","url":"https:\/\/redgts.enproceso.es\/wp-content\/uploads\/2024\/04\/RED-GTS-e1622560674970-1.jpg","contentUrl":"https:\/\/redgts.enproceso.es\/wp-content\/uploads\/2024\/04\/RED-GTS-e1622560674970-1.jpg","width":356,"height":164,"caption":"redgts"},"image":{"@id":"https:\/\/redgts.com\/ca\/#\/schema\/logo\/image\/"}}]}},"_links":{"self":[{"href":"https:\/\/redgts.com\/ca\/wp-json\/wp\/v2\/pages\/384","targetHints":{"allow":["GET"]}}],"collection":[{"href":"https:\/\/redgts.com\/ca\/wp-json\/wp\/v2\/pages"}],"about":[{"href":"https:\/\/redgts.com\/ca\/wp-json\/wp\/v2\/types\/page"}],"author":[{"embeddable":true,"href":"https:\/\/redgts.com\/ca\/wp-json\/wp\/v2\/users\/3"}],"replies":[{"embeddable":true,"href":"https:\/\/redgts.com\/ca\/wp-json\/wp\/v2\/comments?post=384"}],"version-history":[{"count":3,"href":"https:\/\/redgts.com\/ca\/wp-json\/wp\/v2\/pages\/384\/revisions"}],"predecessor-version":[{"id":387,"href":"https:\/\/redgts.com\/ca\/wp-json\/wp\/v2\/pages\/384\/revisions\/387"}],"wp:attachment":[{"href":"https:\/\/redgts.com\/ca\/wp-json\/wp\/v2\/media?parent=384"}],"curies":[{"name":"wp","href":"https:\/\/api.w.org\/{rel}","templated":true}]}}