{"id":394,"date":"2024-04-15T10:07:03","date_gmt":"2024-04-15T08:07:03","guid":{"rendered":"https:\/\/redgts.com\/politica-de-cookies\/"},"modified":"2024-04-22T11:53:52","modified_gmt":"2024-04-22T09:53:52","slug":"politica-de-cookies","status":"publish","type":"page","link":"https:\/\/redgts.com\/ca\/politica-de-cookies\/","title":{"rendered":"Pol\u00edtica de Cookies"},"content":{"rendered":"\n<div class=\"row\"  id=\"row-1157430239\">\n\n\n\t<div id=\"col-302007663\" class=\"col small-12 large-12\"  >\n\t\t\t\t<div class=\"col-inner\"  >\n\t\t\t\n\t\t\t\n\n<h1><span style=\"color: #282828;\"><b>Pol\u00edtica de Cookies<\/b><\/span><\/h1>\n<p><span style=\"font-weight: 400;\">El lloc web www.redgts.com utilitza \u201ccookies\u201d per a ajudar-lo a personalitzar la seva experi\u00e8ncia en l\u00ednia.<\/span><\/p>\n<p><span style=\"font-weight: 400;\">Una cookie \u00e9s un fitxer que es descarrega en el seu ordinador en accedir a determinades p\u00e0gines web. Les cookies permeten a una p\u00e0gina web, entre altres coses, emmagatzemar i recuperar informaci\u00f3 sobre els h\u00e0bits de navegaci\u00f3 d&#8217;un usuari o del seu equip i, depenent de la informaci\u00f3 que continguin i de la forma en qu\u00e8 utilitzi el seu equip, poden utilitzar-se per a recon\u00e8ixer a l&#8217;usuari.<\/span><\/p>\n<h2><span style=\"color: #282828;\"><b>Quines cookies usem en la nostra web?<\/b><\/span><\/h2>\n<p><span style=\"font-weight: 400;\">Cookies pr\u00f2pies: S\u00f3n aquelles que enviem al seu dispositiu des de la nostra p\u00e0gina web. Per exemple, si s&#8217;ha registrat en el seu compte d&#8217;usuari, pot ser que tingui una cookie per a recordar les seves dades d&#8217;acc\u00e9s.<\/span><\/p>\n<p><span style=\"font-weight: 400;\">Cookies de tercers: S\u00f3n aquelles que s&#8217;envien al seu ordinador o terminal des d&#8217;un domini o una p\u00e0gina web que no \u00e9s gestionada per nosaltres directament, sin\u00f3 per una altra entitat que tracta les dades obtingudes trav\u00e9s de les cookies. Per exemple: Google Analytics.<\/span><\/p>\n<p><span style=\"font-weight: 400;\">Cookies de sessi\u00f3: S\u00f3n un tipus de cookies dissenyades per a recaptar i emmagatzemar dades mentre accedeix al seu web. Una vegada s&#8217;abandona, desapareixen.<\/span><\/p>\n<p><span style=\"font-weight: 400;\">Cookies persistents: S\u00f3n un tipus de cookies en el qual les dades segueixen emmagatzemats en el terminal i poden ser accedits i tractats durant un per\u00edode determinat de temps.<\/span><\/p>\n<p><span style=\"font-weight: 400;\">Cookies d&#8217;an\u00e0lisis: S\u00f3n aquelles que b\u00e9 permeten quantificar el nombre d&#8217;usuaris i mesurar i analitzar com s&#8217;usa la nostra web, amb la finalitat de millorar l&#8217;oferta de productes o serveis que oferim i la manera en qu\u00e8 els presentem.<\/span><\/p>\n<p><span style=\"font-weight: 400;\">Cookies de Google (Analytics i Tag Manager): Aquestes cookies s&#8217;usen per a obtenir informes estad\u00edstics del tr\u00e0nsit del lloc web i an\u00e0lisi de comportament dels nostres usuaris per a millorar l&#8217;experi\u00e8ncia de navegaci\u00f3 i interacci\u00f3.<\/span><\/p>\n<h2><span style=\"color: #282828;\"><b>Com puc configurar o deshabilitar les seves cookies?<\/b><\/span><\/h2>\n<p><span style=\"font-weight: 400;\">Pot permetre, bloquejar o eliminar les cookies instal\u00b7lades en el seu equip mitjan\u00e7ant la configuraci\u00f3 de les opcions del seu navegador d&#8217;Internet. En cas que no permeti la instal\u00b7laci\u00f3 de cookies en el seu navegador \u00e9s possible que no pugui accedir a alguns dels serveis i que la seva experi\u00e8ncia en la nostra web pugui resultar menys satisfact\u00f2ria.<\/span><\/p>\n<p><span style=\"font-weight: 400;\">\u2013 Si utilitza Microsoft Internet Explorer, en l&#8217;opci\u00f3 de men\u00fa Eines seleccionant Opcions d&#8217;Internet, accedint a Privacitat i en Configuraci\u00f3 mogui el control lliscant totalment cap amunt per a bloquejar totes les cookies i despr\u00e9s premi o faci clic a Acceptar. Per a m\u00e9s informaci\u00f3, pot consultar el suport de Microsoft o l&#8217;Ajuda del navegador.<\/span><\/p>\n<p><span style=\"font-weight: 400;\">\u2013 Si utilitza Firefox per a Mac en l&#8217;opci\u00f3 de men\u00fa Prefer\u00e8ncies, seleccioni Privacitat, accedeixi l&#8217;apartat Mostrar Cookies, i per a Windows en l&#8217;opci\u00f3 de men\u00fa Eines, seleccionant Opcions, accedint a Privacitat i despr\u00e9s a \u201cUsar una configuraci\u00f3 personalitzada per a l&#8217;historial\u201d. Marqui l&#8217;opci\u00f3 Acceptar cookies per a activar-les, i desmarca-la per a desactivar-les. Per a m\u00e9s informaci\u00f3, pot consultar el suport de Mozilla o l&#8217;Ajuda del navegador.<\/span><\/p>\n<p><span style=\"font-weight: 400;\">\u2013 Si utilitza Safari, iOS 8, premi Ajustos, seleccioni Safari i seguidament \u201cBloquejar cookies\u201d. Seleccioni \u201cPermetre sempre\u201d, \u201cPermetre dels llocs que visito\u201d, \u201cPermetre nom\u00e9s dels llocs web actuals\u201d o \u201cBloquejar sempre\u201d. En iOS 7 o anteriors, seleccioni \u201cMai\u201d, \u201cDe publicitat i tercers\u201d o \u201cSempre\u201d. Per a m\u00e9s informaci\u00f3, pot consultar el suport de Safari o l&#8217;Ajuda del navegador.<\/span><\/p>\n<p><span style=\"font-weight: 400;\">\u2013 Si utilitza Google Chrome, en l&#8217;opci\u00f3 de men\u00fa Eines, seleccionant Configuraci\u00f3 (Prefer\u00e8ncies en Mac), accedint a Opcions avan\u00e7ades i en la secci\u00f3 Privacitat, finalment marqui Cookies en el di\u00e0leg Configuraci\u00f3 de contingut. Per a bloquejar totes les cookies, seleccioni \u201cNo permetre que es guardin dades dels llocs\u201d. Per a m\u00e9s informaci\u00f3, pot consultar el suport de Google o l&#8217;Ajuda del navegador.<\/span><\/p>\n<h2><span style=\"color: #282828;\"><b>Consentiment<\/b><\/span><\/h2>\n<p><span style=\"font-weight: 400;\">En navegar i continuar en la nostra web ens indica que est\u00e0 consentint l&#8217;\u00fas de les cookies abans enunciades, i en les condicions contingudes en la present Pol\u00edtica de Cookies.<\/span><\/p>\n\n\t\t<\/div>\n\t\t\t\t\t<\/div>\n\n\t\n\n<\/div>\n\n","protected":false},"excerpt":{"rendered":"","protected":false},"author":3,"featured_media":0,"parent":0,"menu_order":0,"comment_status":"closed","ping_status":"closed","template":"page-blank.php","meta":{"footnotes":""},"class_list":["post-394","page","type-page","status-publish","hentry"],"yoast_head":"<!-- This site is optimized with the Yoast SEO plugin v26.9 - https:\/\/yoast.com\/product\/yoast-seo-wordpress\/ -->\n<title>Pol\u00edtica de Cookies - RedGTS<\/title>\n<meta name=\"description\" content=\"La pol\u00edtica de Cookies de RedGTS vol informar de manera clara i precisa sobre el seu \u00fas i les finalitats d&#039;elles.\" \/>\n<meta name=\"robots\" content=\"noindex, follow\" \/>\n<meta property=\"og:locale\" content=\"ca_ES\" \/>\n<meta property=\"og:type\" content=\"article\" \/>\n<meta property=\"og:title\" content=\"Pol\u00edtica de Cookies - RedGTS\" \/>\n<meta property=\"og:description\" content=\"La pol\u00edtica de Cookies de RedGTS vol informar de manera clara i precisa sobre el seu \u00fas i les finalitats d&#039;elles.\" \/>\n<meta property=\"og:url\" content=\"https:\/\/redgts.com\/ca\/politica-de-cookies\/\" \/>\n<meta property=\"og:site_name\" content=\"redgts.com\" \/>\n<meta property=\"article:modified_time\" content=\"2024-04-22T09:53:52+00:00\" \/>\n<meta name=\"twitter:card\" content=\"summary_large_image\" \/>\n<meta name=\"twitter:label1\" content=\"Temps estimat de lectura\" \/>\n\t<meta name=\"twitter:data1\" content=\"3 minuts\" \/>\n<script type=\"application\/ld+json\" class=\"yoast-schema-graph\">{\"@context\":\"https:\/\/schema.org\",\"@graph\":[{\"@type\":\"WebPage\",\"@id\":\"https:\/\/redgts.com\/ca\/politica-de-cookies\/\",\"url\":\"https:\/\/redgts.com\/ca\/politica-de-cookies\/\",\"name\":\"Pol\u00edtica de Cookies - RedGTS\",\"isPartOf\":{\"@id\":\"https:\/\/redgts.com\/ca\/#website\"},\"datePublished\":\"2024-04-15T08:07:03+00:00\",\"dateModified\":\"2024-04-22T09:53:52+00:00\",\"description\":\"La pol\u00edtica de Cookies de RedGTS vol informar de manera clara i precisa sobre el seu \u00fas i les finalitats d'elles.\",\"breadcrumb\":{\"@id\":\"https:\/\/redgts.com\/ca\/politica-de-cookies\/#breadcrumb\"},\"inLanguage\":\"ca\",\"potentialAction\":[{\"@type\":\"ReadAction\",\"target\":[\"https:\/\/redgts.com\/ca\/politica-de-cookies\/\"]}]},{\"@type\":\"BreadcrumbList\",\"@id\":\"https:\/\/redgts.com\/ca\/politica-de-cookies\/#breadcrumb\",\"itemListElement\":[{\"@type\":\"ListItem\",\"position\":1,\"name\":\"Home\",\"item\":\"https:\/\/redgts.com\/ca\/\"},{\"@type\":\"ListItem\",\"position\":2,\"name\":\"Pol\u00edtica de Cookies\"}]},{\"@type\":\"WebSite\",\"@id\":\"https:\/\/redgts.com\/ca\/#website\",\"url\":\"https:\/\/redgts.com\/ca\/\",\"name\":\"redgts.com\",\"description\":\"\",\"publisher\":{\"@id\":\"https:\/\/redgts.com\/ca\/#organization\"},\"potentialAction\":[{\"@type\":\"SearchAction\",\"target\":{\"@type\":\"EntryPoint\",\"urlTemplate\":\"https:\/\/redgts.com\/ca\/?s={search_term_string}\"},\"query-input\":{\"@type\":\"PropertyValueSpecification\",\"valueRequired\":true,\"valueName\":\"search_term_string\"}}],\"inLanguage\":\"ca\"},{\"@type\":\"Organization\",\"@id\":\"https:\/\/redgts.com\/ca\/#organization\",\"name\":\"redgts\",\"url\":\"https:\/\/redgts.com\/ca\/\",\"logo\":{\"@type\":\"ImageObject\",\"inLanguage\":\"ca\",\"@id\":\"https:\/\/redgts.com\/ca\/#\/schema\/logo\/image\/\",\"url\":\"https:\/\/redgts.enproceso.es\/wp-content\/uploads\/2024\/04\/RED-GTS-e1622560674970-1.jpg\",\"contentUrl\":\"https:\/\/redgts.enproceso.es\/wp-content\/uploads\/2024\/04\/RED-GTS-e1622560674970-1.jpg\",\"width\":356,\"height\":164,\"caption\":\"redgts\"},\"image\":{\"@id\":\"https:\/\/redgts.com\/ca\/#\/schema\/logo\/image\/\"}}]}<\/script>\n<!-- \/ Yoast SEO plugin. -->","yoast_head_json":{"title":"Pol\u00edtica de Cookies - RedGTS","description":"La pol\u00edtica de Cookies de RedGTS vol informar de manera clara i precisa sobre el seu \u00fas i les finalitats d'elles.","robots":{"index":"noindex","follow":"follow"},"og_locale":"ca_ES","og_type":"article","og_title":"Pol\u00edtica de Cookies - RedGTS","og_description":"La pol\u00edtica de Cookies de RedGTS vol informar de manera clara i precisa sobre el seu \u00fas i les finalitats d'elles.","og_url":"https:\/\/redgts.com\/ca\/politica-de-cookies\/","og_site_name":"redgts.com","article_modified_time":"2024-04-22T09:53:52+00:00","twitter_card":"summary_large_image","twitter_misc":{"Temps estimat de lectura":"3 minuts"},"schema":{"@context":"https:\/\/schema.org","@graph":[{"@type":"WebPage","@id":"https:\/\/redgts.com\/ca\/politica-de-cookies\/","url":"https:\/\/redgts.com\/ca\/politica-de-cookies\/","name":"Pol\u00edtica de Cookies - RedGTS","isPartOf":{"@id":"https:\/\/redgts.com\/ca\/#website"},"datePublished":"2024-04-15T08:07:03+00:00","dateModified":"2024-04-22T09:53:52+00:00","description":"La pol\u00edtica de Cookies de RedGTS vol informar de manera clara i precisa sobre el seu \u00fas i les finalitats d'elles.","breadcrumb":{"@id":"https:\/\/redgts.com\/ca\/politica-de-cookies\/#breadcrumb"},"inLanguage":"ca","potentialAction":[{"@type":"ReadAction","target":["https:\/\/redgts.com\/ca\/politica-de-cookies\/"]}]},{"@type":"BreadcrumbList","@id":"https:\/\/redgts.com\/ca\/politica-de-cookies\/#breadcrumb","itemListElement":[{"@type":"ListItem","position":1,"name":"Home","item":"https:\/\/redgts.com\/ca\/"},{"@type":"ListItem","position":2,"name":"Pol\u00edtica de Cookies"}]},{"@type":"WebSite","@id":"https:\/\/redgts.com\/ca\/#website","url":"https:\/\/redgts.com\/ca\/","name":"redgts.com","description":"","publisher":{"@id":"https:\/\/redgts.com\/ca\/#organization"},"potentialAction":[{"@type":"SearchAction","target":{"@type":"EntryPoint","urlTemplate":"https:\/\/redgts.com\/ca\/?s={search_term_string}"},"query-input":{"@type":"PropertyValueSpecification","valueRequired":true,"valueName":"search_term_string"}}],"inLanguage":"ca"},{"@type":"Organization","@id":"https:\/\/redgts.com\/ca\/#organization","name":"redgts","url":"https:\/\/redgts.com\/ca\/","logo":{"@type":"ImageObject","inLanguage":"ca","@id":"https:\/\/redgts.com\/ca\/#\/schema\/logo\/image\/","url":"https:\/\/redgts.enproceso.es\/wp-content\/uploads\/2024\/04\/RED-GTS-e1622560674970-1.jpg","contentUrl":"https:\/\/redgts.enproceso.es\/wp-content\/uploads\/2024\/04\/RED-GTS-e1622560674970-1.jpg","width":356,"height":164,"caption":"redgts"},"image":{"@id":"https:\/\/redgts.com\/ca\/#\/schema\/logo\/image\/"}}]}},"_links":{"self":[{"href":"https:\/\/redgts.com\/ca\/wp-json\/wp\/v2\/pages\/394","targetHints":{"allow":["GET"]}}],"collection":[{"href":"https:\/\/redgts.com\/ca\/wp-json\/wp\/v2\/pages"}],"about":[{"href":"https:\/\/redgts.com\/ca\/wp-json\/wp\/v2\/types\/page"}],"author":[{"embeddable":true,"href":"https:\/\/redgts.com\/ca\/wp-json\/wp\/v2\/users\/3"}],"replies":[{"embeddable":true,"href":"https:\/\/redgts.com\/ca\/wp-json\/wp\/v2\/comments?post=394"}],"version-history":[{"count":3,"href":"https:\/\/redgts.com\/ca\/wp-json\/wp\/v2\/pages\/394\/revisions"}],"predecessor-version":[{"id":397,"href":"https:\/\/redgts.com\/ca\/wp-json\/wp\/v2\/pages\/394\/revisions\/397"}],"wp:attachment":[{"href":"https:\/\/redgts.com\/ca\/wp-json\/wp\/v2\/media?parent=394"}],"curies":[{"name":"wp","href":"https:\/\/api.w.org\/{rel}","templated":true}]}}